{"id":22,"date":"2025-09-09T21:58:36","date_gmt":"2025-09-09T21:58:36","guid":{"rendered":"https:\/\/www.lucadigital.es\/?page_id=22"},"modified":"2025-10-03T16:27:17","modified_gmt":"2025-10-03T16:27:17","slug":"contacto","status":"publish","type":"page","link":"https:\/\/www.lucadigital.es\/?page_id=22","title":{"rendered":"CONTACTO"},"content":{"rendered":"\n<div class=\"wp-block-group alignfull has-text-color has-background is-layout-constrained wp-container-core-group-is-layout-19e250f3 wp-block-group-is-layout-constrained\" style=\"color:#000000;background-color:#ffffff;min-height:400px;background-image:url(&apos;http:\/\/www.lucadigital.es\/wp-content\/uploads\/2025\/09\/decoracion.jpg&apos;);background-size:cover;\">\n<h2 class=\"wp-block-heading has-text-align-center has-ast-global-color-2-color has-text-color has-link-color wp-elements-3f5360ba97ea32b8d051471fbdd61941\" id=\"schedule-a-visit\" style=\"font-size:59px;line-height:1.15\"><strong>Contacta con nosotros<\/strong><\/h2>\n\n\n\n<div style=\"height:64px\" aria-hidden=\"true\" class=\"wp-block-spacer\"><\/div>\n<\/div>\n\n\n\n<div style=\"height:80px\" aria-hidden=\"true\" class=\"wp-block-spacer\"><\/div>\n\n\n\n<div class=\"wp-block-columns is-layout-flex wp-container-core-columns-is-layout-28f84493 wp-block-columns-is-layout-flex\">\n<div class=\"wp-block-column is-layout-flow wp-block-column-is-layout-flow\">\n<h5 class=\"wp-block-heading\">LucaDigital, sl<\/h5>\n\n\n\n<p><strong>Informaci\u00f3n general<\/strong><br><a href=\"mailto:info@lucadigital.es\">lherranz@lucadigital.es<\/a><\/p>\n\n\n\n<p><strong>Numero de contacto<\/strong><br>+34 91 570 8885<\/p>\n\n\n\n<p><strong>Direcci\u00f3n del Laboratorio<\/strong><br>Manuela Minguez 4 (bajo)<br>28029 Madrid<br>Espa\u00f1a<\/p>\n<\/div>\n\n\n\n<div class=\"wp-block-column is-layout-flow wp-block-column-is-layout-flow\">\n<form action=\"mailto:lherranz@lucadigital.es,jsaninf.2015@gmail.com\" method=\"post\" class=\"wp-block-form\" enctype=\"text\/plain\">\n\n\n\n\n<div class=\"wp-block-form-input\"><label class=\"wp-block-form-input__label\"><span class=\"wp-block-form-input__label-content\">Nombre<\/span><input class=\"wp-block-form-input__input\" type=\"text\" name=\"nombre\" required aria-required=\"true\"\/><\/label><\/div>\n\n\n\n<div class=\"wp-block-form-input\"><label class=\"wp-block-form-input__label\"><span class=\"wp-block-form-input__label-content\">Correo electr\u00f3nico<\/span><input class=\"wp-block-form-input__input\" type=\"email\" name=\"correo-electronico\" required aria-required=\"true\"\/><\/label><\/div>\n\n\n\n<div class=\"wp-block-form-input\"><label class=\"wp-block-form-input__label\"><span class=\"wp-block-form-input__label-content\">Comentario<\/span><textarea class=\"wp-block-form-input__input\" name=\"comentario\" required aria-required=\"true\"><\/textarea><\/label><\/div>\n\n\n\n<div class=\"wp-block-form-submit-button\">\n<div class=\"wp-block-buttons is-layout-flex wp-block-buttons-is-layout-flex\">\n<div class=\"wp-block-button\"><button type=\"submit\" class=\"wp-block-button__link wp-element-button\">Enviar<\/button><\/div>\n<\/div>\n<\/div>\n<\/form>\n<\/div>\n<\/div>\n\n\n\n<p><\/p>\n","protected":false},"excerpt":{"rendered":"<p>Contacta con nosotros LucaDigital, sl Informaci\u00f3n generallherranz@lucadigital.es Numero de contacto+34 91 570 8885 Direcci\u00f3n del LaboratorioManuela Minguez 4 (bajo)28029 MadridEspa\u00f1a<\/p>\n","protected":false},"author":1,"featured_media":0,"parent":0,"menu_order":0,"comment_status":"closed","ping_status":"closed","template":"","meta":{"_uag_custom_page_level_css":"","site-sidebar-layout":"default","site-content-layout":"","ast-site-content-layout":"default","site-content-style":"default","site-sidebar-style":"default","ast-global-header-display":"","ast-banner-title-visibility":"","ast-main-header-display":"","ast-hfb-above-header-display":"","ast-hfb-below-header-display":"","ast-hfb-mobile-header-display":"","site-post-title":"disabled","ast-breadcrumbs-content":"","ast-featured-img":"","footer-sml-layout":"","theme-transparent-header-meta":"","adv-header-id-meta":"","stick-header-meta":"","header-above-stick-meta":"","header-main-stick-meta":"","header-below-stick-meta":"","astra-migrate-meta-layouts":"default","ast-page-background-enabled":"default","ast-page-background-meta":{"desktop":{"background-color":"var(--ast-global-color-5)","background-image":"","background-repeat":"repeat","background-position":"center center","background-size":"auto","background-attachment":"scroll","background-type":"","background-media":"","overlay-type":"","overlay-color":"","overlay-opacity":"","overlay-gradient":""},"tablet":{"background-color":"","background-image":"","background-repeat":"repeat","background-position":"center center","background-size":"auto","background-attachment":"scroll","background-type":"","background-media":"","overlay-type":"","overlay-color":"","overlay-opacity":"","overlay-gradient":""},"mobile":{"background-color":"","background-image":"","background-repeat":"repeat","background-position":"center center","background-size":"auto","background-attachment":"scroll","background-type":"","background-media":"","overlay-type":"","overlay-color":"","overlay-opacity":"","overlay-gradient":""}},"ast-content-background-meta":{"desktop":{"background-color":"var(--ast-global-color-4)","background-image":"","background-repeat":"repeat","background-position":"center center","background-size":"auto","background-attachment":"scroll","background-type":"","background-media":"","overlay-type":"","overlay-color":"","overlay-opacity":"","overlay-gradient":""},"tablet":{"background-color":"var(--ast-global-color-4)","background-image":"","background-repeat":"repeat","background-position":"center center","background-size":"auto","background-attachment":"scroll","background-type":"","background-media":"","overlay-type":"","overlay-color":"","overlay-opacity":"","overlay-gradient":""},"mobile":{"background-color":"var(--ast-global-color-4)","background-image":"","background-repeat":"repeat","background-position":"center center","background-size":"auto","background-attachment":"scroll","background-type":"","background-media":"","overlay-type":"","overlay-color":"","overlay-opacity":"","overlay-gradient":""}},"footnotes":""},"class_list":["post-22","page","type-page","status-publish","hentry"],"uagb_featured_image_src":{"full":false,"thumbnail":false,"medium":false,"medium_large":false,"large":false,"1536x1536":false,"2048x2048":false},"uagb_author_info":{"display_name":"lucadmin","author_link":"https:\/\/www.lucadigital.es\/?author=1"},"uagb_comment_info":0,"uagb_excerpt":"Contacta con nosotros LucaDigital, sl Informaci\u00f3n generallherranz@lucadigital.es Numero de contacto+34 91 570 8885 Direcci\u00f3n del LaboratorioManuela Minguez 4 (bajo)28029 MadridEspa\u00f1a","_links":{"self":[{"href":"https:\/\/www.lucadigital.es\/index.php?rest_route=\/wp\/v2\/pages\/22","targetHints":{"allow":["GET"]}}],"collection":[{"href":"https:\/\/www.lucadigital.es\/index.php?rest_route=\/wp\/v2\/pages"}],"about":[{"href":"https:\/\/www.lucadigital.es\/index.php?rest_route=\/wp\/v2\/types\/page"}],"author":[{"embeddable":true,"href":"https:\/\/www.lucadigital.es\/index.php?rest_route=\/wp\/v2\/users\/1"}],"replies":[{"embeddable":true,"href":"https:\/\/www.lucadigital.es\/index.php?rest_route=%2Fwp%2Fv2%2Fcomments&post=22"}],"version-history":[{"count":6,"href":"https:\/\/www.lucadigital.es\/index.php?rest_route=\/wp\/v2\/pages\/22\/revisions"}],"predecessor-version":[{"id":250,"href":"https:\/\/www.lucadigital.es\/index.php?rest_route=\/wp\/v2\/pages\/22\/revisions\/250"}],"wp:attachment":[{"href":"https:\/\/www.lucadigital.es\/index.php?rest_route=%2Fwp%2Fv2%2Fmedia&parent=22"}],"curies":[{"name":"wp","href":"https:\/\/api.w.org\/{rel}","templated":true}]}}